{"id":357,"date":"2025-02-09T01:31:33","date_gmt":"2025-02-09T01:31:33","guid":{"rendered":"https:\/\/infinitbrasil.com.br\/?page_id=357"},"modified":"2026-04-21T18:18:30","modified_gmt":"2026-04-21T18:18:30","slug":"home-2","status":"publish","type":"page","link":"https:\/\/infinitbrasil.com.br\/en\/","title":{"rendered":"home"},"content":{"rendered":"\t\t<div data-elementor-type=\"wp-page\" data-elementor-id=\"357\" class=\"elementor elementor-357\">\n\t\t\t\t<div class=\"elementor-element elementor-element-9cd638a animated-slow e-flex e-con-boxed elementor-invisible e-con e-parent\" data-id=\"9cd638a\" data-element_type=\"container\" data-e-type=\"container\" data-settings=\"{&quot;background_background&quot;:&quot;slideshow&quot;,&quot;background_slideshow_gallery&quot;:[{&quot;id&quot;:4050,&quot;url&quot;:&quot;https:\\\/\\\/infinitbrasil.com.br\\\/wp-content\\\/uploads\\\/2026\\\/04\\\/excited-students-with-laptops-textbooks-preparing-test-sitting-floor-indoor-portrait-international-friends-studying-together-before-exams-scaled.jpg&quot;},{&quot;id&quot;:4049,&quot;url&quot;:&quot;https:\\\/\\\/infinitbrasil.com.br\\\/wp-content\\\/uploads\\\/2026\\\/04\\\/meeting-mobile-phone-lesson-wall-college-scaled.jpg&quot;},{&quot;id&quot;:4046,&quot;url&quot;:&quot;https:\\\/\\\/infinitbrasil.com.br\\\/wp-content\\\/uploads\\\/2026\\\/04\\\/youngsters-enjoying-time-together-scaled.jpg&quot;},{&quot;id&quot;:4064,&quot;url&quot;:&quot;https:\\\/\\\/infinitbrasil.com.br\\\/wp-content\\\/uploads\\\/2026\\\/04\\\/image_a9ac181.png&quot;},{&quot;id&quot;:3743,&quot;url&quot;:&quot;https:\\\/\\\/infinitbrasil.com.br\\\/wp-content\\\/uploads\\\/2025\\\/06\\\/2149265712.jpg&quot;},{&quot;id&quot;:3742,&quot;url&quot;:&quot;https:\\\/\\\/infinitbrasil.com.br\\\/wp-content\\\/uploads\\\/2025\\\/06\\\/2149196188.jpg&quot;},{&quot;id&quot;:3741,&quot;url&quot;:&quot;https:\\\/\\\/infinitbrasil.com.br\\\/wp-content\\\/uploads\\\/2025\\\/06\\\/bela-jovem-fazendo-uma-pausa-para-o-cafe-scaled.jpg&quot;},{&quot;id&quot;:404,&quot;url&quot;:&quot;https:\\\/\\\/infinitbrasil.com.br\\\/wp-content\\\/uploads\\\/2025\\\/02\\\/photo6-e1744857779561.jpg&quot;},{&quot;id&quot;:403,&quot;url&quot;:&quot;https:\\\/\\\/infinitbrasil.com.br\\\/wp-content\\\/uploads\\\/2025\\\/02\\\/photo4.jpg&quot;},{&quot;id&quot;:402,&quot;url&quot;:&quot;https:\\\/\\\/infinitbrasil.com.br\\\/wp-content\\\/uploads\\\/2025\\\/02\\\/photo3.jpg&quot;},{&quot;id&quot;:400,&quot;url&quot;:&quot;https:\\\/\\\/infinitbrasil.com.br\\\/wp-content\\\/uploads\\\/2025\\\/02\\\/photo-e1744857597521.jpg&quot;},{&quot;id&quot;:4047,&quot;url&quot;:&quot;https:\\\/\\\/infinitbrasil.com.br\\\/wp-content\\\/uploads\\\/2026\\\/04\\\/image_1f10ca15.png&quot;},{&quot;id&quot;:143,&quot;url&quot;:&quot;https:\\\/\\\/infinitbrasil.com.br\\\/wp-content\\\/uploads\\\/2025\\\/01\\\/homes.png&quot;}],&quot;background_slideshow_transition_duration&quot;:600,&quot;background_slideshow_ken_burns&quot;:&quot;yes&quot;,&quot;background_slideshow_lazyload&quot;:&quot;yes&quot;,&quot;background_slideshow_slide_duration&quot;:6500,&quot;shape_divider_bottom&quot;:&quot;mountains&quot;,&quot;animation&quot;:&quot;fadeIn&quot;,&quot;background_slideshow_loop&quot;:&quot;yes&quot;,&quot;background_slideshow_slide_transition&quot;:&quot;fade&quot;,&quot;background_slideshow_ken_burns_zoom_direction&quot;:&quot;in&quot;}\">\n\t\t\t\t\t<div class=\"e-con-inner\">\n\t\t\t\t<div class=\"elementor-shape elementor-shape-bottom\" aria-hidden=\"true\" data-negative=\"false\">\n\t\t\t<svg xmlns=\"http:\/\/www.w3.org\/2000\/svg\" viewBox=\"0 0 1000 100\" preserveAspectRatio=\"none\">\n\t<path class=\"elementor-shape-fill\" opacity=\"0.33\" d=\"M473,67.3c-203.9,88.3-263.1-34-320.3,0C66,119.1,0,59.7,0,59.7V0h1000v59.7 c0,0-62.1,26.1-94.9,29.3c-32.8,3.3-62.8-12.3-75.8-22.1C806,49.6,745.3,8.7,694.9,4.7S492.4,59,473,67.3z\"\/>\n\t<path class=\"elementor-shape-fill\" opacity=\"0.66\" d=\"M734,67.3c-45.5,0-77.2-23.2-129.1-39.1c-28.6-8.7-150.3-10.1-254,39.1 s-91.7-34.4-149.2,0C115.7,118.3,0,39.8,0,39.8V0h1000v36.5c0,0-28.2-18.5-92.1-18.5C810.2,18.1,775.7,67.3,734,67.3z\"\/>\n\t<path class=\"elementor-shape-fill\" d=\"M766.1,28.9c-200-57.5-266,65.5-395.1,19.5C242,1.8,242,5.4,184.8,20.6C128,35.8,132.3,44.9,89.9,52.5C28.6,63.7,0,0,0,0 h1000c0,0-9.9,40.9-83.6,48.1S829.6,47,766.1,28.9z\"\/>\n<\/svg>\t\t<\/div>\n\t\t\t\t<div class=\"elementor-element elementor-element-03553dc elementor-widget elementor-widget-text-editor\" data-id=\"03553dc\" data-element_type=\"widget\" data-e-type=\"widget\" data-widget_type=\"text-editor.default\">\n\t\t\t\t\t\t\t\t\t<h4><strong>VENHA ESTUDAR E<\/strong><\/h4><h4><strong>\u00a0SE PREPARAR<\/strong><\/h4><h4><strong>\u00a0PARA O<\/strong><\/h4><h4><strong>\u00a0FUTURO<\/strong><\/h4>\t\t\t\t\t\t\t\t<\/div>\n\t\t\t\t<div class=\"elementor-element elementor-element-7e11e18 elementor-align-left elementor-invisible elementor-widget elementor-widget-button\" data-id=\"7e11e18\" data-element_type=\"widget\" data-e-type=\"widget\" data-settings=\"{&quot;_animation&quot;:&quot;shake&quot;}\" data-widget_type=\"button.default\">\n\t\t\t\t\t\t\t\t\t\t<a class=\"elementor-button elementor-button-link elementor-size-sm elementor-animation-shrink\" href=\"https:\/\/infinitbrasil.com.br\/curso\">\n\t\t\t\t\t\t<span class=\"elementor-button-content-wrapper\">\n\t\t\t\t\t\t<span class=\"elementor-button-icon\">\n\t\t\t\t<svg aria-hidden=\"true\" class=\"e-font-icon-svg e-fas-arrow-alt-circle-right\" viewBox=\"0 0 512 512\" xmlns=\"http:\/\/www.w3.org\/2000\/svg\"><path d=\"M256 8c137 0 248 111 248 248S393 504 256 504 8 393 8 256 119 8 256 8zM140 300h116v70.9c0 10.7 13 16.1 20.5 8.5l114.3-114.9c4.7-4.7 4.7-12.2 0-16.9l-114.3-115c-7.6-7.6-20.5-2.2-20.5 8.5V212H140c-6.6 0-12 5.4-12 12v64c0 6.6 5.4 12 12 12z\"><\/path><\/svg>\t\t\t<\/span>\n\t\t\t\t\t\t\t\t\t<span class=\"elementor-button-text\">Conhe\u00e7a nossos cursos<\/span>\n\t\t\t\t\t<\/span>\n\t\t\t\t\t<\/a>\n\t\t\t\t\t\t\t\t<\/div>\n\t\t\t\t\t<\/div>\n\t\t\t\t<\/div>\n\t\t<div class=\"elementor-element elementor-element-7fbef28 e-flex e-con-boxed e-con e-parent\" data-id=\"7fbef28\" data-element_type=\"container\" data-e-type=\"container\">\n\t\t\t\t\t<div class=\"e-con-inner\">\n\t\t<div class=\"elementor-element elementor-element-503bc46 e-con-full e-flex e-con e-child\" data-id=\"503bc46\" data-element_type=\"container\" data-e-type=\"container\">\n\t\t<div class=\"elementor-element elementor-element-c6810cb e-grid e-con-boxed e-con e-child\" data-id=\"c6810cb\" data-element_type=\"container\" data-e-type=\"container\">\n\t\t\t\t\t<div class=\"e-con-inner\">\n\t\t\t\t<div class=\"elementor-element elementor-element-30fc1e0 e-transform e-transform e-transform e-transform elementor-invisible elementor-widget elementor-widget-image\" data-id=\"30fc1e0\" data-element_type=\"widget\" data-e-type=\"widget\" data-settings=\"{&quot;_animation&quot;:&quot;bounceIn&quot;,&quot;_transform_rotateZ_effect_hover&quot;:{&quot;unit&quot;:&quot;px&quot;,&quot;size&quot;:&quot;&quot;,&quot;sizes&quot;:[]},&quot;_transform_rotateZ_effect_hover_tablet&quot;:{&quot;unit&quot;:&quot;deg&quot;,&quot;size&quot;:&quot;&quot;,&quot;sizes&quot;:[]},&quot;_transform_rotateZ_effect_hover_mobile&quot;:{&quot;unit&quot;:&quot;deg&quot;,&quot;size&quot;:&quot;&quot;,&quot;sizes&quot;:[]},&quot;_transform_translateX_effect_hover&quot;:{&quot;unit&quot;:&quot;px&quot;,&quot;size&quot;:&quot;&quot;,&quot;sizes&quot;:[]},&quot;_transform_translateX_effect_hover_tablet&quot;:{&quot;unit&quot;:&quot;px&quot;,&quot;size&quot;:&quot;&quot;,&quot;sizes&quot;:[]},&quot;_transform_translateX_effect_hover_mobile&quot;:{&quot;unit&quot;:&quot;px&quot;,&quot;size&quot;:&quot;&quot;,&quot;sizes&quot;:[]},&quot;_transform_translateY_effect_hover&quot;:{&quot;unit&quot;:&quot;px&quot;,&quot;size&quot;:&quot;&quot;,&quot;sizes&quot;:[]},&quot;_transform_translateY_effect_hover_tablet&quot;:{&quot;unit&quot;:&quot;px&quot;,&quot;size&quot;:&quot;&quot;,&quot;sizes&quot;:[]},&quot;_transform_translateY_effect_hover_mobile&quot;:{&quot;unit&quot;:&quot;px&quot;,&quot;size&quot;:&quot;&quot;,&quot;sizes&quot;:[]},&quot;_transform_scale_effect_hover&quot;:{&quot;unit&quot;:&quot;px&quot;,&quot;size&quot;:&quot;&quot;,&quot;sizes&quot;:[]},&quot;_transform_scale_effect_hover_tablet&quot;:{&quot;unit&quot;:&quot;px&quot;,&quot;size&quot;:&quot;&quot;,&quot;sizes&quot;:[]},&quot;_transform_scale_effect_hover_mobile&quot;:{&quot;unit&quot;:&quot;px&quot;,&quot;size&quot;:&quot;&quot;,&quot;sizes&quot;:[]},&quot;_transform_skewX_effect_hover&quot;:{&quot;unit&quot;:&quot;px&quot;,&quot;size&quot;:&quot;&quot;,&quot;sizes&quot;:[]},&quot;_transform_skewX_effect_hover_tablet&quot;:{&quot;unit&quot;:&quot;deg&quot;,&quot;size&quot;:&quot;&quot;,&quot;sizes&quot;:[]},&quot;_transform_skewX_effect_hover_mobile&quot;:{&quot;unit&quot;:&quot;deg&quot;,&quot;size&quot;:&quot;&quot;,&quot;sizes&quot;:[]},&quot;_transform_skewY_effect_hover&quot;:{&quot;unit&quot;:&quot;px&quot;,&quot;size&quot;:&quot;&quot;,&quot;sizes&quot;:[]},&quot;_transform_skewY_effect_hover_tablet&quot;:{&quot;unit&quot;:&quot;deg&quot;,&quot;size&quot;:&quot;&quot;,&quot;sizes&quot;:[]},&quot;_transform_skewY_effect_hover_mobile&quot;:{&quot;unit&quot;:&quot;deg&quot;,&quot;size&quot;:&quot;&quot;,&quot;sizes&quot;:[]}}\" data-widget_type=\"image.default\">\n\t\t\t\t\t\t\t\t\t\t\t\t\t\t\t<img fetchpriority=\"high\" decoding=\"async\" width=\"300\" height=\"208\" src=\"https:\/\/infinitbrasil.com.br\/wp-content\/uploads\/2025\/01\/LOGO-COLOR-Photoroom2-300x208.png\" class=\"elementor-animation-skew-forward attachment-medium size-medium wp-image-80\" alt=\"\" srcset=\"https:\/\/infinitbrasil.com.br\/wp-content\/uploads\/2025\/01\/LOGO-COLOR-Photoroom2-300x208.png 300w, https:\/\/infinitbrasil.com.br\/wp-content\/uploads\/2025\/01\/LOGO-COLOR-Photoroom2-600x417.png 600w, https:\/\/infinitbrasil.com.br\/wp-content\/uploads\/2025\/01\/LOGO-COLOR-Photoroom2.png 731w\" sizes=\"(max-width: 300px) 100vw, 300px\" \/>\t\t\t\t\t\t\t\t\t\t\t\t\t\t\t<\/div>\n\t\t\t\t<div class=\"elementor-element elementor-element-688f0d2 animated-slow elementor-invisible elementor-widget elementor-widget-text-editor\" data-id=\"688f0d2\" data-element_type=\"widget\" data-e-type=\"widget\" data-settings=\"{&quot;_animation&quot;:&quot;fadeIn&quot;}\" data-widget_type=\"text-editor.default\">\n\t\t\t\t\t\t\t\t\t<p><span style=\"color: #000000;\"><strong>A Infinit Brasil \u00e9 uma plataforma de educa\u00e7\u00e3o inovadora. Aqui voc\u00ea aprende de forma din\u00e2mica, viv\u00eanciando as pr\u00e1ticas da ind\u00fastria.<\/strong><\/span><\/p>\t\t\t\t\t\t\t\t<\/div>\n\t\t\t\t\t<\/div>\n\t\t\t\t<\/div>\n\t\t\t\t<\/div>\n\t\t<div class=\"elementor-element elementor-element-15dae8f e-con-full e-flex e-con e-child\" data-id=\"15dae8f\" data-element_type=\"container\" data-e-type=\"container\">\n\t\t\t\t<div class=\"elementor-element elementor-element-b57f5e3 elementor-widget elementor-widget-heading\" data-id=\"b57f5e3\" data-element_type=\"widget\" data-e-type=\"widget\" data-widget_type=\"heading.default\">\n\t\t\t\t\t<h4 class=\"elementor-heading-title elementor-size-default\">Conhe\u00e7a nossos cursos<\/h4>\t\t\t\t<\/div>\n\t\t\t\t<\/div>\n\t\t\t\t<div class=\"elementor-element elementor-element-817a3d7 animated-slow elementor-invisible elementor-widget elementor-widget-etlms-course-carousel tutor-addon etlms-course-carousel\" data-id=\"817a3d7\" data-element_type=\"widget\" data-e-type=\"widget\" data-settings=\"{&quot;etlms_course_carousel_column&quot;:&quot;3&quot;,&quot;_animation&quot;:&quot;fadeInLeft&quot;}\" data-widget_type=\"etlms-course-carousel.default\">\n\t\t\t\t<div class=\"elementor-widget-container\">\n\t\t\t\t\t<div class=\"tutor-wrap tutor-courses-wrap tutor-container etlms-carousel-main-wrap\">\n\t\n\t\t\n\t\t<div class=\"etlms-carousel-loop-wrap tutor-courses tutor-courses-loop-wrap tutor-courses-layout-3 etlms-coursel-stacked etlms-carousel-dots-outside\" id=\"etlms-slick-responsive\">\n\t\t\t\t\t\t\t<div class=\"tutor-col-4\">\n\t\t\t\t\t<div class=\"tutor-course-card etlms-course-card-stacked etlms-has-hover-animation\">\n            <div class=\"tutor-course-thumbnail\">\n        <a href=\"https:\/\/infinitbrasil.com.br\/en\/curso\/tecnica_administrativa\/\" class=\"tutor-d-block\">\n            <div class=\"tutor-ratio tutor-ratio-16x9\">\n                <img decoding=\"async\" class=\"tutor-card-image-top\" src=\"https:\/\/infinitbrasil.com.br\/wp-content\/uploads\/2025\/01\/homes.png\" alt=\"T\u00c9CNICAS ADMINISTRATIVAS &#8211; EM BREVE\" loading=\"lazy\">\n            <\/div>\n        <\/a>\n    <\/div>\n\n    <div class=\"tutor-card etlms-course-card-inner\">\n        <div class=\"tutor-card-body\">\n            <h3 class=\"tutor-course-name tutor-fs-5 tutor-fw-medium tutor-mb-12\" title=\"T\u00c9CNICAS ADMINISTRATIVAS &#8211; EM BREVE\">\n    <a href=\"https:\/\/infinitbrasil.com.br\/en\/curso\/tecnica_administrativa\/\">T\u00c9CNICAS ADMINISTRATIVAS &#8211; EM BREVE<\/a>\n<\/h3><div class=\"tutor-meta etlms-course-duration-meta tutor-mb-20\">\n            <div>\n            <span class=\"tutor-meta-icon tutor-icon-user-line\" area-hidden=\"true\"><\/span>\n            <span class=\"tutor-meta-value\">2<\/span>\n        <\/div>\n    \n            <div>\n            <span class=\"tutor-icon-clock-line tutor-meta-icon\" area-hidden=\"true\"><\/span>\n            <span class=\"tutor-meta-value\"> 140 hours<\/span>\n        <\/div>\n    <\/div>\n\n<div class=\"tutor-meta tutor-mt-auto\">\n\t\t<div>\n\t\t<a href=\"https:\/\/infinitbrasil.com.br\/en\/profile\/infinitbrasil?view=instructor\" class=\"tutor-d-flex\">\n\t\t\t<div class=\"tutor-avatar\"><div class=\"tutor-ratio tutor-ratio-1x1\"><img decoding=\"async\" src=\"https:\/\/infinitbrasil.com.br\/wp-content\/uploads\/2025\/02\/LOGO-COLOR-Photoroom2-150x150.jpg\" alt=\"Instituto Infinit Brasil\" \/> <\/div><\/div>\t\t<\/a>\n\t<\/div>\n\t\n\t<div>\n\t\t\t\t<span class=\"etlms-course-author-meta tutor-meta-key\">By<\/span>\n\t\t<a class=\"etlms-course-author-meta tutor-meta-value\" href=\"https:\/\/infinitbrasil.com.br\/en\/profile\/infinitbrasil?view=instructor\">Instituto Infinit Brasil<\/a>\n\t\t\n\t\t\t<\/div>\n<\/div>\n        <\/div>\n\n            <\/div>\n<\/div>\t\t\t\t<\/div>\n\t\t\t\t\t\t\t\t<div class=\"tutor-col-4\">\n\t\t\t\t\t<div class=\"tutor-course-card etlms-course-card-stacked etlms-has-hover-animation\">\n            <div class=\"tutor-course-thumbnail\">\n        <a href=\"https:\/\/infinitbrasil.com.br\/en\/curso\/nr10\/\" class=\"tutor-d-block\">\n            <div class=\"tutor-ratio tutor-ratio-16x9\">\n                <img decoding=\"async\" class=\"tutor-card-image-top\" src=\"https:\/\/infinitbrasil.com.br\/wp-content\/uploads\/2025\/04\/nr10-768x384.webp\" alt=\"NR10 &#8211; SEGURAN\u00c7A EM ELETRICIDADE\" loading=\"lazy\">\n            <\/div>\n        <\/a>\n    <\/div>\n\n    <div class=\"tutor-card etlms-course-card-inner\">\n        <div class=\"tutor-card-body\">\n            <h3 class=\"tutor-course-name tutor-fs-5 tutor-fw-medium tutor-mb-12\" title=\"NR10 &#8211; SEGURAN\u00c7A EM ELETRICIDADE\">\n    <a href=\"https:\/\/infinitbrasil.com.br\/en\/curso\/nr10\/\">NR10 &#8211; SEGURAN\u00c7A EM ELETRICIDADE<\/a>\n<\/h3><div class=\"tutor-meta etlms-course-duration-meta tutor-mb-20\">\n    \n            <div>\n            <span class=\"tutor-icon-clock-line tutor-meta-icon\" area-hidden=\"true\"><\/span>\n            <span class=\"tutor-meta-value\"> 40 hours<\/span>\n        <\/div>\n    <\/div>\n\n<div class=\"tutor-meta tutor-mt-auto\">\n\t\t<div>\n\t\t<a href=\"https:\/\/infinitbrasil.com.br\/en\/profile\/infinitbrasil?view=instructor\" class=\"tutor-d-flex\">\n\t\t\t<div class=\"tutor-avatar\"><div class=\"tutor-ratio tutor-ratio-1x1\"><img decoding=\"async\" src=\"https:\/\/infinitbrasil.com.br\/wp-content\/uploads\/2025\/02\/LOGO-COLOR-Photoroom2-150x150.jpg\" alt=\"Instituto Infinit Brasil\" \/> <\/div><\/div>\t\t<\/a>\n\t<\/div>\n\t\n\t<div>\n\t\t\t\t<span class=\"etlms-course-author-meta tutor-meta-key\">By<\/span>\n\t\t<a class=\"etlms-course-author-meta tutor-meta-value\" href=\"https:\/\/infinitbrasil.com.br\/en\/profile\/infinitbrasil?view=instructor\">Instituto Infinit Brasil<\/a>\n\t\t\n\t\t\t<\/div>\n<\/div>\n        <\/div>\n\n            <\/div>\n<\/div>\t\t\t\t<\/div>\n\t\t\t\t\t\t\t\t<div class=\"tutor-col-4\">\n\t\t\t\t\t<div class=\"tutor-course-card etlms-course-card-stacked etlms-has-hover-animation\">\n            <div class=\"tutor-course-thumbnail\">\n        <a href=\"https:\/\/infinitbrasil.com.br\/en\/curso\/eletromecanica\/\" class=\"tutor-d-block\">\n            <div class=\"tutor-ratio tutor-ratio-16x9\">\n                <img decoding=\"async\" class=\"tutor-card-image-top\" src=\"https:\/\/infinitbrasil.com.br\/wp-content\/uploads\/2025\/01\/mecanico-scaled-1-768x512.jpg\" alt=\"APRENDIZAGEM T\u00c9CNICA EM ELETROMEC\u00c2NICA\" loading=\"lazy\">\n            <\/div>\n        <\/a>\n    <\/div>\n\n    <div class=\"tutor-card etlms-course-card-inner\">\n        <div class=\"tutor-card-body\">\n            <h3 class=\"tutor-course-name tutor-fs-5 tutor-fw-medium tutor-mb-12\" title=\"APRENDIZAGEM T\u00c9CNICA EM ELETROMEC\u00c2NICA\">\n    <a href=\"https:\/\/infinitbrasil.com.br\/en\/curso\/eletromecanica\/\">APRENDIZAGEM T\u00c9CNICA EM ELETROMEC\u00c2NICA<\/a>\n<\/h3><div class=\"tutor-meta etlms-course-duration-meta tutor-mb-20\">\n            <div>\n            <span class=\"tutor-meta-icon tutor-icon-user-line\" area-hidden=\"true\"><\/span>\n            <span class=\"tutor-meta-value\">34<\/span>\n        <\/div>\n    \n            <div>\n            <span class=\"tutor-icon-clock-line tutor-meta-icon\" area-hidden=\"true\"><\/span>\n            <span class=\"tutor-meta-value\"> 1280 hours<\/span>\n        <\/div>\n    <\/div>\n\n<div class=\"tutor-meta tutor-mt-auto\">\n\t\t<div>\n\t\t<a href=\"https:\/\/infinitbrasil.com.br\/en\/profile\/infinitbrasil?view=instructor\" class=\"tutor-d-flex\">\n\t\t\t<div class=\"tutor-avatar\"><div class=\"tutor-ratio tutor-ratio-1x1\"><img decoding=\"async\" src=\"https:\/\/infinitbrasil.com.br\/wp-content\/uploads\/2025\/02\/LOGO-COLOR-Photoroom2-150x150.jpg\" alt=\"Instituto Infinit Brasil\" \/> <\/div><\/div>\t\t<\/a>\n\t<\/div>\n\t\n\t<div>\n\t\t\t\t<span class=\"etlms-course-author-meta tutor-meta-key\">By<\/span>\n\t\t<a class=\"etlms-course-author-meta tutor-meta-value\" href=\"https:\/\/infinitbrasil.com.br\/en\/profile\/infinitbrasil?view=instructor\">Instituto Infinit Brasil<\/a>\n\t\t\n\t\t\t<\/div>\n<\/div>\n        <\/div>\n\n            <\/div>\n<\/div>\t\t\t\t<\/div>\n\t\t\t\t\t\t<\/div>\n\n\t\t\t\t\t<div class=\"etlms-carousel-arrow etlms-carousel-arrow-prev arrow-default etlms-carousel-arrow-position-outside \">\n\t\t\t\t<i class=\"fa fa-angle-left\" aria-hidden=\"true\"><\/i>\n\t\t\t<\/div>\n\t\t\t<div class=\"etlms-carousel-arrow etlms-carousel-arrow-next arrow-default etlms-carousel-arrow-position-outside\">\n\t\t\t\t<i class=\"fa fa-angle-right\" aria-hidden=\"true\"><\/i>\n\t\t\t<\/div>\n\t\t\t\t\n\t<!-- handle elementor settings -->\n\t\t<div id=\"etlms_carousel_settings\" arrows=\"yes\" dots=\"yes\" transition=\"3000\" center=\"no\" smoth_scroll=\"linear\" auto_play=\"yes\" auto_play_speed=\"2000\" infinite_loop=\"yes\" pause_on_hover=\"no\" desktop=\"3\" medium=\"2\" mobile=\"1\">\n\n\t<\/div>\n\t<input type=\"hidden\" id=\"etlms_enroll_btn_type\" value=\"\">\n\t<input type=\"hidden\" id=\"etlms_enroll_btn_cart\" value=\"\">\n<\/div>\n<div class=\"tutor-modal tutor-login-modal\" role=\"dialog\" aria-modal=\"true\" aria-labelledby=\"tutor-login-modal-title\" aria-hidden=\"true\">\n\t<div class=\"tutor-modal-overlay\"><\/div>\n\t<div class=\"tutor-modal-window tutor-modal-window-sm\">\n\t\t<div class=\"tutor-modal-content tutor-modal-content-white\">\n\t\t\t<button class=\"tutor-iconic-btn tutor-modal-close-o\" data-tutor-modal-close aria-label=\"Close login dialog\">\n\t\t\t\t<span class=\"tutor-icon-times\" aria-hidden=\"true\"><\/span>\n\t\t\t<\/button>\n\n\t\t\t<div class=\"tutor-modal-body\">\n\t\t\t\t<div class=\"tutor-py-48\">\n\t\t\t\t\t\t\t\t\t\t<div id=\"tutor-login-modal-title\" class=\"tutor-fs-4 tutor-fw-medium tutor-color-black tutor-mb-32\">Hi, Welcome back!<\/div>\n\t\t\t\t\t<form id=\"tutor-login-form\" method=\"post\">\n\t\t<input type=\"hidden\" id=\"_tutor_nonce\" name=\"_tutor_nonce\" value=\"fa3cb2c519\" \/><input type=\"hidden\" name=\"_wp_http_referer\" value=\"\/en\/wp-json\/wp\/v2\/pages\/357\" \/>\t<input type=\"hidden\" name=\"tutor_action\" value=\"tutor_user_login\" \/>\n\t<input type=\"hidden\" name=\"redirect_to\" value=\"https:\/\/infinitbrasil.com.br\/en\/wp-json\/wp\/v2\/pages\/357\" \/>\n\n\t<div class=\"tutor-mb-20\">\n\t\t<input type=\"text\" class=\"tutor-form-control\" placeholder=\"Username or Email Address\" name=\"log\" value=\"\" size=\"20\" required\/>\n\t<\/div>\n\n\t<div class=\"tutor-mb-32\">\n\t\t<input type=\"password\" class=\"tutor-form-control\" placeholder=\"Password\" name=\"pwd\" value=\"\" size=\"20\" required\/>\n\t<\/div>\n\n\t<div class=\"tutor-login-error\" role=\"alert\" aria-live=\"polite\"><\/div>\n\t\t\t<input type=\"hidden\" name=\"timezone\" value=\"+00:00\" \/>\n\t\t<script>\n\t\t\tdocument.addEventListener('DOMContentLoaded', function() {\n\t\t\t\tconst timezone = document.querySelector('input[name=\"timezone\"]');\n\t\t\t\tif ( timezone) {\n\t\t\t\t\tconst tz = Intl.DateTimeFormat().resolvedOptions().timeZone;\n\t\t\t\t\ttimezone.value = tz\n\t\t\t\t}\n\t\t\t});\n\t\t<\/script>\n\t\t\t\t<input type=\"text\" style=\"display:none\" autocomplete=\"off\" value=\"\" name=\"_uuid\">\n\t\t\t<div class=\"tutor-d-flex tutor-justify-between tutor-align-center tutor-mb-40\">\n\t\t<div class=\"tutor-form-check\">\n\t\t\t<input id=\"tutor-login-agmnt-1\" type=\"checkbox\" class=\"tutor-form-check-input tutor-bg-black-40\" name=\"rememberme\" value=\"forever\" \/>\n\t\t\t<label for=\"tutor-login-agmnt-1\" class=\"tutor-fs-7 tutor-color-muted\">\n\t\t\t\tKeep me signed in\t\t\t<\/label>\n\t\t<\/div>\n\t\t<a href=\"https:\/\/infinitbrasil.com.br\/en\/painel\/retrieve-password\" class=\"tutor-btn tutor-btn-ghost\">\n\t\t\tForgot Password?\t\t<\/a>\n\t<\/div>\n\n\t\t<button type=\"submit\" class=\"tutor-btn tutor-btn-primary tutor-btn-block\">\n\t\tSign In\t<\/button>\n\n\t\t\t\t\t<div class=\"tutor-text-center tutor-fs-6 tutor-color-secondary tutor-mt-20\">\n\t\t\tDon&#039;t have an account?&nbsp;\n\t\t\t<a href=\"https:\/\/infinitbrasil.com.br\/en\/cadastro-de-alunos\/?redirect_to=https:\/\/infinitbrasil.com.br\/en\/wp-json\/wp\/v2\/pages\/357\" class=\"tutor-btn tutor-btn-link\">\n\t\t\t\tRegister Now\t\t\t<\/a>\n\t\t<\/div>\n\t\t<\/form>\n<script>\n\tdocument.addEventListener('DOMContentLoaded', function() {\n\t\tvar loginModal = document.querySelector('.tutor-modal.tutor-login-modal');\n\t\tvar errors = [];\n\t\tif (loginModal && errors.length) {\n\t\t\tloginModal.classList.add('tutor-is-active');\n\t\t}\n\t});\n<\/script>\n\n\t\t\t\t\t\t\t\t\t<\/div>\n\t\t\t\t\t\t\t<\/div>\n\t\t<\/div>\n\t<\/div>\n<\/div>\n\t\t\t\t<\/div>\n\t\t\t\t<\/div>\n\t\t\t\t\t<\/div>\n\t\t\t\t<\/div>\n\t\t<div class=\"elementor-element elementor-element-0c22166 e-flex e-con-boxed e-con e-parent\" data-id=\"0c22166\" data-element_type=\"container\" data-e-type=\"container\">\n\t\t\t\t\t<div class=\"e-con-inner\">\n\t\t\t\t<div class=\"elementor-element elementor-element-8479cb7 elementor-widget elementor-widget-counter\" data-id=\"8479cb7\" data-element_type=\"widget\" data-e-type=\"widget\" data-widget_type=\"counter.default\">\n\t\t\t\t\t\t\t<div class=\"elementor-counter\">\n\t\t\t<div class=\"elementor-counter-title\">N\u00famero de alunos que j\u00e1 passaram por aqui<\/div>\t\t\t<div class=\"elementor-counter-number-wrapper\">\n\t\t\t\t<span class=\"elementor-counter-number-prefix\"><\/span>\n\t\t\t\t<span class=\"elementor-counter-number\" data-duration=\"5000\" data-to-value=\"380\" data-from-value=\"0\" data-delimiter=\",\">0<\/span>\n\t\t\t\t<span class=\"elementor-counter-number-suffix\"><\/span>\n\t\t\t<\/div>\n\t\t<\/div>\n\t\t\t\t\t\t<\/div>\n\t\t\t\t\t<\/div>\n\t\t\t\t<\/div>\n\t\t\t\t<\/div>\n\t\t","protected":false},"excerpt":{"rendered":"<p>VENHA ESTUDAR E \u00a0SE PREPARAR \u00a0PARA O \u00a0FUTURO Conhe\u00e7a nossos cursos A Infinit Brasil \u00e9 uma plataforma de<\/p>","protected":false},"author":6,"featured_media":0,"parent":0,"menu_order":0,"comment_status":"closed","ping_status":"closed","template":"","meta":{"_tutorstarter_page_metadata":[],"footnotes":""},"class_list":["post-357","page","type-page","status-publish","hentry"],"_links":{"self":[{"href":"https:\/\/infinitbrasil.com.br\/en\/wp-json\/wp\/v2\/pages\/357","targetHints":{"allow":["GET"]}}],"collection":[{"href":"https:\/\/infinitbrasil.com.br\/en\/wp-json\/wp\/v2\/pages"}],"about":[{"href":"https:\/\/infinitbrasil.com.br\/en\/wp-json\/wp\/v2\/types\/page"}],"author":[{"embeddable":true,"href":"https:\/\/infinitbrasil.com.br\/en\/wp-json\/wp\/v2\/users\/6"}],"replies":[{"embeddable":true,"href":"https:\/\/infinitbrasil.com.br\/en\/wp-json\/wp\/v2\/comments?post=357"}],"version-history":[{"count":323,"href":"https:\/\/infinitbrasil.com.br\/en\/wp-json\/wp\/v2\/pages\/357\/revisions"}],"predecessor-version":[{"id":4118,"href":"https:\/\/infinitbrasil.com.br\/en\/wp-json\/wp\/v2\/pages\/357\/revisions\/4118"}],"wp:attachment":[{"href":"https:\/\/infinitbrasil.com.br\/en\/wp-json\/wp\/v2\/media?parent=357"}],"curies":[{"name":"wp","href":"https:\/\/api.w.org\/{rel}","templated":true}]}}