{"id":1505,"date":"2025-04-17T02:08:09","date_gmt":"2025-04-17T02:08:09","guid":{"rendered":"https:\/\/infinitbrasil.com.br\/cursos\/aprendizagem-tecnica-em-mineracao-em-breve\/"},"modified":"2025-04-17T02:13:07","modified_gmt":"2025-04-17T02:13:07","slug":"aprendizagem-tecnica-em-mineracao-em-breve","status":"publish","type":"product","link":"https:\/\/infinitbrasil.com.br\/en\/cursos\/aprendizagem-tecnica-em-mineracao-em-breve\/","title":{"rendered":"APRENDIZAGEM T\u00c9CNICA EM MINERA\u00c7\u00c3O &#8211; EM BREVE"},"content":{"rendered":"","protected":false},"excerpt":{"rendered":"","protected":false},"featured_media":1494,"comment_status":"open","ping_status":"closed","template":"","meta":[],"product_brand":[],"product_cat":[16],"product_tag":[],"class_list":{"0":"post-1505","1":"product","2":"type-product","3":"status-publish","4":"has-post-thumbnail","6":"product_cat-sem-categoria","8":"first","9":"instock","10":"virtual","11":"sold-individually","12":"purchasable","13":"product-type-simple"},"_links":{"self":[{"href":"https:\/\/infinitbrasil.com.br\/en\/wp-json\/wp\/v2\/product\/1505","targetHints":{"allow":["GET"]}}],"collection":[{"href":"https:\/\/infinitbrasil.com.br\/en\/wp-json\/wp\/v2\/product"}],"about":[{"href":"https:\/\/infinitbrasil.com.br\/en\/wp-json\/wp\/v2\/types\/product"}],"replies":[{"embeddable":true,"href":"https:\/\/infinitbrasil.com.br\/en\/wp-json\/wp\/v2\/comments?post=1505"}],"wp:featuredmedia":[{"embeddable":true,"href":"https:\/\/infinitbrasil.com.br\/en\/wp-json\/wp\/v2\/media\/1494"}],"wp:attachment":[{"href":"https:\/\/infinitbrasil.com.br\/en\/wp-json\/wp\/v2\/media?parent=1505"}],"wp:term":[{"taxonomy":"product_brand","embeddable":true,"href":"https:\/\/infinitbrasil.com.br\/en\/wp-json\/wp\/v2\/product_brand?post=1505"},{"taxonomy":"product_cat","embeddable":true,"href":"https:\/\/infinitbrasil.com.br\/en\/wp-json\/wp\/v2\/product_cat?post=1505"},{"taxonomy":"product_tag","embeddable":true,"href":"https:\/\/infinitbrasil.com.br\/en\/wp-json\/wp\/v2\/product_tag?post=1505"}],"curies":[{"name":"wp","href":"https:\/\/api.w.org\/{rel}","templated":true}]}}