{"id":469,"date":"2025-02-09T02:28:38","date_gmt":"2025-02-09T02:28:38","guid":{"rendered":"https:\/\/infinitbrasil.com.br\/?post_type=product&#038;p=469"},"modified":"2026-04-21T19:47:15","modified_gmt":"2026-04-21T19:47:15","slug":"eletromecanica","status":"publish","type":"product","link":"https:\/\/infinitbrasil.com.br\/en\/cursos\/eletromecanica\/","title":{"rendered":"APRENDIZAGEM T\u00c9CNICA EM ELETROMEC\u00c2NICA"},"content":{"rendered":"<p>CURSO T\u00c9CNICO EM ELETROMEC\u00c2NICA<\/p>","protected":false},"excerpt":{"rendered":"<p>CURSO T\u00c9CNICO EM ELETROMEC\u00c2NICA<\/p>","protected":false},"featured_media":83,"comment_status":"open","ping_status":"closed","template":"","meta":[],"product_brand":[],"product_cat":[16],"product_tag":[],"class_list":{"0":"post-469","1":"product","2":"type-product","3":"status-publish","4":"has-post-thumbnail","6":"product_cat-sem-categoria","8":"first","9":"instock","10":"virtual","11":"sold-individually","12":"purchasable","13":"product-type-simple"},"_links":{"self":[{"href":"https:\/\/infinitbrasil.com.br\/en\/wp-json\/wp\/v2\/product\/469","targetHints":{"allow":["GET"]}}],"collection":[{"href":"https:\/\/infinitbrasil.com.br\/en\/wp-json\/wp\/v2\/product"}],"about":[{"href":"https:\/\/infinitbrasil.com.br\/en\/wp-json\/wp\/v2\/types\/product"}],"replies":[{"embeddable":true,"href":"https:\/\/infinitbrasil.com.br\/en\/wp-json\/wp\/v2\/comments?post=469"}],"wp:featuredmedia":[{"embeddable":true,"href":"https:\/\/infinitbrasil.com.br\/en\/wp-json\/wp\/v2\/media\/83"}],"wp:attachment":[{"href":"https:\/\/infinitbrasil.com.br\/en\/wp-json\/wp\/v2\/media?parent=469"}],"wp:term":[{"taxonomy":"product_brand","embeddable":true,"href":"https:\/\/infinitbrasil.com.br\/en\/wp-json\/wp\/v2\/product_brand?post=469"},{"taxonomy":"product_cat","embeddable":true,"href":"https:\/\/infinitbrasil.com.br\/en\/wp-json\/wp\/v2\/product_cat?post=469"},{"taxonomy":"product_tag","embeddable":true,"href":"https:\/\/infinitbrasil.com.br\/en\/wp-json\/wp\/v2\/product_tag?post=469"}],"curies":[{"name":"wp","href":"https:\/\/api.w.org\/{rel}","templated":true}]}}